{"id":12572,"date":"2024-03-10T18:39:46","date_gmt":"2024-03-10T16:39:46","guid":{"rendered":"http:\/\/ftf.gdu.edu.az\/?page_id=12572"},"modified":"2025-06-02T07:41:10","modified_gmt":"2025-06-02T05:41:10","slug":"m%c9%99mm%c9%99dova-sudab%c9%99-oqtay-q","status":"publish","type":"page","link":"http:\/\/ftf.gdu.edu.az\/?page_id=12572","title":{"rendered":"M\u0259mm\u0259dova S\u00fcdab\u0259 Oqtay q."},"content":{"rendered":"\n<figure class=\"wp-block-image size-full is-resized\"><img loading=\"lazy\" decoding=\"async\" width=\"240\" height=\"240\" src=\"http:\/\/ftf.gdu.edu.az\/wp-content\/uploads\/2024\/03\/sudabe.jpg\" alt=\"\" class=\"wp-image-12616\" style=\"width:184px;height:auto\"\/><\/figure>\n\n\n\n<p>1.M\u0259mm\u0259dova S\u00fcdab\u0259 Oqtay q\u0131z\u0131&nbsp;&nbsp; &#8211;&nbsp; ba\u015f m\u00fc\u0259llim<\/p>\n\n\n\n<p>2. Tel &#8211; 994 50&nbsp;753 28 01<\/p>\n\n\n\n<p>3.&nbsp; Email <a href=\"mailto:sudabemamedova70@gmail.com\">sudabemamedova70@gmail.com<\/a><\/p>\n\n\n\n<p>4.Q\u0131sa bioqrafiq m\u0259lumat &#8211; 07 noyabr 1970 ci ild\u0259 G\u0259nc\u0259 \u015f\u0259h\u0259rind\u0259 anadan olmu\u015fdur. 1977 -1987&nbsp; ci illl\u0259rd\u0259 d\u0259 G\u0259nc\u0259  5 sayl\u0131 orta m\u0259kt\u0259bd\u0259 t\u0259hsil alm\u0131\u015f,&nbsp; 1987 \u2013 1992 Kirovabad D\u00f6vl\u0259t Pedaqoji \u0130nstitunun M\u00fch\u0259ndis Pedaqoji fak\u00fclt\u0259sinin Fizika v\u0259 \u00dcTF ixtisas\u0131n\u0131 f\u0259rql\u0259nm\u0259 diplomu il\u0259 bitirmi\u015fdir.<\/p>\n\n\n\n<p>5. \u018fm\u0259k f\u0259aliyy\u0259ti &#8211; 1992 ci ild\u0259n t\u0259yinatla GDU da laborant kimi ba\u015flam\u0131\u015f , 1998 ci ild\u0259n m\u00fc\u0259llim , 2004 ci ild\u0259n hal &#8211; haz\u0131rad\u0259k  Fizika kafedras\u0131nda  ba\u015f m\u00fc\u0259llim &nbsp;v\u0259zif\u0259sind\u0259 \u00e7al\u0131\u015f\u0131r.<\/p>\n\n\n\n<p>&nbsp; T\u0259mas Regional \u0130nki\u015faf \u0130ctimai Birliyi v\u0259 G\u0259nc\u0259 1 sayl\u0131 mediasiya t\u0259\u015fkilatlar\u0131n\u0131n t\u0259sis\u00e7isidir. Bir o\u011flu var.<\/p>\n\n\n\n<p>5. T\u0259hsili -Ali<\/p>\n\n\n\n<p>6. Elmi d\u0259r\u0259c\u0259si- texnika \u00fczr\u0259 f\u0259ls\u0259f\u0259 doktoru<\/p>\n\n\n\n<p>7. T\u0259ltifl\u0259ri &#8211; D\u0130N-d\u0259n<\/p>\n\n\n\n<p>8 Dissertasiya i\u015finin m\u00f6vzusu \u2013 QABA YEML\u018fR\u0130N Q\u0130DALILI\u011eININ F\u0130Z\u0130K\u0130-K\u0130MY\u018fV\u0130 \u00dcSULLA YAX\u015eILA\u015eDIRILMA TEXNOLOG\u0130YASI V\u018f QUR\u011eUSUNUN T\u018fKM\u0130LL\u018f\u015eD\u0130R\u0130LM\u018fSi.<\/p>\n\n\n\n<p>Elmi \u0259s\u0259rl\u0259ri -M\u00fcasir fiziki t\u0259dqiqiat \u00fcsullar\u0131 d\u0259rsliyinin m\u00fc\u0259llifidir.<\/p>\n\n\n\n<p>9. Dil bilgisi-&nbsp; az\u0259rbaycan dili v\u0259 rus dil<\/p>\n\n\n\n<p>10. Partiyal\u0131l\u0131\u011f\u0131- B\u0130T\u018fR\u018fF<\/p>\n","protected":false},"excerpt":{"rendered":"<p>1.M\u0259mm\u0259dova S\u00fcdab\u0259 Oqtay q\u0131z\u0131&nbsp;&nbsp; &#8211;&nbsp; ba\u015f m\u00fc\u0259llim 2. Tel &#8211; 994 50&nbsp;753 28 01 3.&nbsp; Email sudabemamedova70@gmail.com 4.Q\u0131sa bioqrafiq m\u0259lumat &#8211; 07 noyabr 1970 ci ild\u0259 G\u0259nc\u0259 \u015f\u0259h\u0259rind\u0259 anadan olmu\u015fdur. 1977 -1987&nbsp; ci illl\u0259rd\u0259 d\u0259 G\u0259nc\u0259 5 sayl\u0131 orta m\u0259kt\u0259bd\u0259 t\u0259hsil alm\u0131\u015f,&nbsp; 1987 \u2013 1992 Kirovabad D\u00f6vl\u0259t Pedaqoji \u0130nstitunun M\u00fch\u0259ndis Pedaqoji fak\u00fclt\u0259sinin Fizika v\u0259 \u00dcTF<\/p>\n<p><a href=\"http:\/\/ftf.gdu.edu.az\/?page_id=12572\" class=\"more-link themebutton\">Daha \u0259trafl\u0131 <\/a><\/p>\n","protected":false},"author":3,"featured_media":0,"parent":0,"menu_order":0,"comment_status":"closed","ping_status":"closed","template":"","meta":{"footnotes":""},"class_list":["post-12572","page","type-page","status-publish","hentry"],"_links":{"self":[{"href":"http:\/\/ftf.gdu.edu.az\/index.php?rest_route=\/wp\/v2\/pages\/12572"}],"collection":[{"href":"http:\/\/ftf.gdu.edu.az\/index.php?rest_route=\/wp\/v2\/pages"}],"about":[{"href":"http:\/\/ftf.gdu.edu.az\/index.php?rest_route=\/wp\/v2\/types\/page"}],"author":[{"embeddable":true,"href":"http:\/\/ftf.gdu.edu.az\/index.php?rest_route=\/wp\/v2\/users\/3"}],"replies":[{"embeddable":true,"href":"http:\/\/ftf.gdu.edu.az\/index.php?rest_route=%2Fwp%2Fv2%2Fcomments&post=12572"}],"version-history":[{"count":4,"href":"http:\/\/ftf.gdu.edu.az\/index.php?rest_route=\/wp\/v2\/pages\/12572\/revisions"}],"predecessor-version":[{"id":15333,"href":"http:\/\/ftf.gdu.edu.az\/index.php?rest_route=\/wp\/v2\/pages\/12572\/revisions\/15333"}],"wp:attachment":[{"href":"http:\/\/ftf.gdu.edu.az\/index.php?rest_route=%2Fwp%2Fv2%2Fmedia&parent=12572"}],"curies":[{"name":"wp","href":"https:\/\/api.w.org\/{rel}","templated":true}]}}