{"id":12600,"date":"2024-03-10T18:59:12","date_gmt":"2024-03-10T16:59:12","guid":{"rendered":"http:\/\/ftf.gdu.edu.az\/?page_id=12600"},"modified":"2025-04-28T07:55:33","modified_gmt":"2025-04-28T05:55:33","slug":"tahirova-tunzal%c9%99-tahir-q","status":"publish","type":"page","link":"http:\/\/ftf.gdu.edu.az\/?page_id=12600","title":{"rendered":"Tahirova T\u00fcnzal\u0259 Tahir q."},"content":{"rendered":"\n<figure class=\"wp-block-image size-full is-resized\"><img loading=\"lazy\" decoding=\"async\" width=\"1575\" height=\"2205\" src=\"http:\/\/ftf.gdu.edu.az\/wp-content\/uploads\/2024\/03\/tunzale-m.jpg\" alt=\"\" class=\"wp-image-12647\" style=\"width:215px;height:auto\" srcset=\"http:\/\/ftf.gdu.edu.az\/wp-content\/uploads\/2024\/03\/tunzale-m.jpg 1575w, http:\/\/ftf.gdu.edu.az\/wp-content\/uploads\/2024\/03\/tunzale-m-768x1075.jpg 768w, http:\/\/ftf.gdu.edu.az\/wp-content\/uploads\/2024\/03\/tunzale-m-1097x1536.jpg 1097w, http:\/\/ftf.gdu.edu.az\/wp-content\/uploads\/2024\/03\/tunzale-m-1463x2048.jpg 1463w\" sizes=\"(max-width: 1575px) 100vw, 1575px\" \/><\/figure>\n\n\n\n<p><strong>Tahirova T\u00fcnzal\u0259 Tahir q\u0131z\u0131<\/strong><\/p>\n\n\n\n<ul class=\"wp-block-list\">\n<li>GDU Fizika kafedras\u0131n\u0131n m\u00fc\u0259llimi<\/li>\n<\/ul>\n\n\n\n<p>Tel: 070&nbsp;785 17 79<\/p>\n\n\n\n<p>Email:  <a href=\"mailto:tahirova79@list.ru\">tahirova79@list.ru<\/a><\/p>\n\n\n\n<ul class=\"wp-block-list\">\n<li>28 aprel 1979-cu ild\u0259 G\u0259nc\u0259 \u015f\u0259h\u0259rind\u0259 anadan olub. Ail\u0259lidir.2 \u00f6vlad\u0131 var.<\/li>\n<\/ul>\n\n\n\n<p><strong>T\u0259hsili<\/strong><\/p>\n\n\n\n<ul class=\"wp-block-list\">\n<li>1996-c\u0131 ild\u0259 G\u0259nc\u0259 \u015f\u0259h\u0259ri, \u0130.Qay\u0131bov ad\u0131na 1 sayl\u0131 tam orta m\u0259kt\u0259bi bitirib.<\/li>\n\n\n\n<li>2000-ci ild\u0259 G\u0259nc\u0259 D\u00f6vl\u0259t Universitetinin Fizika v\u0259 Texniki f\u0259nl\u0259r fakult\u0259sinin &#8220;Fizika&#8221; ixtisas\u0131 \u00fczr\u0259 bakalavr pill\u0259sini bitirib.<\/li>\n\n\n\n<li>2003-c\u00fc ild\u0259 G\u0259nc\u0259 D\u00f6vl\u0259t Universitetinin magistratura \u015f\u00f6b\u0259sinin &#8220;Yar\u0131mke\u00e7iricil\u0259r fizikas\u0131&#8221; ixtisas\u0131n\u0131 f\u0259rql\u0259nm\u0259 il\u0259 bitirib.<\/li>\n<\/ul>\n\n\n\n<p><strong>\u018fm\u0259k f\u0259aliyy\u0259ti<\/strong><\/p>\n\n\n\n<ul class=\"wp-block-list\">\n<li>2003-2019-cu ill\u0259rd\u0259 GDU-nun &#8220;Fizika&#8221; kafedras\u0131nda ba\u015f laborant<\/li>\n\n\n\n<li>2019-cu ild\u0259n m\u00fc\u0259llim i\u015fl\u0259yir.<\/li>\n<\/ul>\n\n\n\n<p><strong>Elmi \u0259s\u0259rl\u0259ri<\/strong><\/p>\n\n\n\n<ul class=\"wp-block-list\">\n<li>Fizikan\u0131n t\u0259dirisind\u0259 analogiya v\u0259 modell\u0259rd\u0259n istifad\u0259nin x\u00fcsusiyy\u0259tl\u0259ri.M\u00fcasir t\u0259bi\u0259t v\u0259 iqtisad elml\u0259rinin aktual probleml\u0259ri Beyn\u0259lxalq konfrans materiallar\u0131. II hiss\u0259, G\u0259nc\u0259 2021.<\/li>\n\n\n\n<li>B\u0259rk cisiml\u0259rin g\u0259rgin deformasiya v\u0259ziyy\u0259tind\u0259 g\u0259rginlik tenzorunun t\u0259yini.M\u00fcasir t\u0259bi\u0259t v\u0259 iqtisad elml\u0259rinin aktual probleml\u0259ri Beyn\u0259lxalq konfrans materiallar\u0131. II hiss\u0259, G\u0259nc\u0259 2021.<\/li>\n\n\n\n<li>AsPE+\u0130n<sub>2<\/sub> Se<sub>3<\/sub> kompozitl\u0259rinin dielektrik parametrl\u0259rinin tezlik,temperatur xarakteristikalar\u0131. M\u00fcasir t\u0259bi\u0259t v\u0259 iqtisad elml\u0259rinin aktual probleml\u0259ri Beyn\u0259lxalq konfrans materiallar\u0131. IV hiss\u0259, G\u0259nc\u0259 2022.<\/li>\n<\/ul>\n\n\n\n<p><strong>H\u0259mm\u00fc\u0259llifi oldu\u011fu f\u0259nn proqramlar\u0131<\/strong><\/p>\n\n\n\n<ul class=\"wp-block-list\">\n<li>Madd\u0259 qurulu\u015fu.GDU-nun 27.11.2019-cu il tarixli 5\/338 sayl\u0131 \u0259mri, Fizika v\u0259 texniki f\u0259nl\u0259r fakult\u0259si Elmi \u015euras\u0131n\u0131n 23.09.2019-cu il tarixli 01 sayl\u0131 protokoluna \u0259sas\u0259n t\u0259sdiq edilmi\u015fdir.<\/li>\n\n\n\n<li>Fundamental fiziki anlay\u0131\u015flar\u0131n formala\u015fmas\u0131.GDU-nun 27.11.2019-cu il tarixli 5\/338 sayl\u0131 \u0259mri, Fizika v\u0259 texniki f\u0259nl\u0259r fakult\u0259si Elmi \u015euras\u0131n\u0131n 23.09.2019-cu il tarixli 01 sayl\u0131 protokoluna \u0259sas\u0259n t\u0259sdiq edilmi\u015fdir.<\/li>\n\n\n\n<li>Dil bilgisi;\u00a0 az\u0259rbaycan, rus, ingilis (z\u0259if)<\/li>\n\n\n\n<li>2002 ci ild\u0259n YAP-\u0131n \u00fczv\u00fc.<\/li>\n<\/ul>\n","protected":false},"excerpt":{"rendered":"<p>Tahirova T\u00fcnzal\u0259 Tahir q\u0131z\u0131 Tel: 070&nbsp;785 17 79 Email: tahirova79@list.ru T\u0259hsili \u018fm\u0259k f\u0259aliyy\u0259ti Elmi \u0259s\u0259rl\u0259ri H\u0259mm\u00fc\u0259llifi oldu\u011fu f\u0259nn proqramlar\u0131<\/p>\n","protected":false},"author":3,"featured_media":0,"parent":0,"menu_order":0,"comment_status":"closed","ping_status":"closed","template":"","meta":{"footnotes":""},"class_list":["post-12600","page","type-page","status-publish","hentry"],"_links":{"self":[{"href":"http:\/\/ftf.gdu.edu.az\/index.php?rest_route=\/wp\/v2\/pages\/12600"}],"collection":[{"href":"http:\/\/ftf.gdu.edu.az\/index.php?rest_route=\/wp\/v2\/pages"}],"about":[{"href":"http:\/\/ftf.gdu.edu.az\/index.php?rest_route=\/wp\/v2\/types\/page"}],"author":[{"embeddable":true,"href":"http:\/\/ftf.gdu.edu.az\/index.php?rest_route=\/wp\/v2\/users\/3"}],"replies":[{"embeddable":true,"href":"http:\/\/ftf.gdu.edu.az\/index.php?rest_route=%2Fwp%2Fv2%2Fcomments&post=12600"}],"version-history":[{"count":3,"href":"http:\/\/ftf.gdu.edu.az\/index.php?rest_route=\/wp\/v2\/pages\/12600\/revisions"}],"predecessor-version":[{"id":14988,"href":"http:\/\/ftf.gdu.edu.az\/index.php?rest_route=\/wp\/v2\/pages\/12600\/revisions\/14988"}],"wp:attachment":[{"href":"http:\/\/ftf.gdu.edu.az\/index.php?rest_route=%2Fwp%2Fv2%2Fmedia&parent=12600"}],"curies":[{"name":"wp","href":"https:\/\/api.w.org\/{rel}","templated":true}]}}