{"id":12763,"date":"2024-03-10T21:54:40","date_gmt":"2024-03-10T19:54:40","guid":{"rendered":"http:\/\/ftf.gdu.edu.az\/?page_id=12763"},"modified":"2025-06-02T07:50:06","modified_gmt":"2025-06-02T05:50:06","slug":"kazimova-s%c9%99riyy%c9%99-eyvaz-qizi-2","status":"publish","type":"page","link":"http:\/\/ftf.gdu.edu.az\/?page_id=12763","title":{"rendered":"Kaz\u0131mova S\u0259riyy\u0259 Eyvaz q\u0131z\u0131"},"content":{"rendered":"\n<figure class=\"wp-block-image size-full is-resized\"><img loading=\"lazy\" decoding=\"async\" width=\"320\" height=\"448\" src=\"http:\/\/ftf.gdu.edu.az\/wp-content\/uploads\/2024\/03\/S\u018fRIYY\u018f-M.jpg\" alt=\"\" class=\"wp-image-12825\" style=\"width:223px;height:auto\"\/><\/figure>\n\n\n\n<p><strong>T\u0259sviri inc\u0259s\u0259n\u0259t kafedras\u0131n\u0131n ba\u015f m\u00fc\u0259llimi&nbsp;&nbsp;&nbsp;&nbsp;&nbsp;&nbsp;&nbsp; &nbsp;&nbsp;&nbsp;&nbsp;&nbsp; <\/strong><\/p>\n\n\n\n<p><strong>&nbsp;&nbsp; &nbsp;&nbsp;+994 55&nbsp;<\/strong><strong>442-07-38<\/strong><strong><\/strong><\/p>\n\n\n\n<p><a href=\"mailto:xayala.kazimova.83@mail.ru\">xayala.kazimova.83@mail.ru<\/a><\/p>\n\n\n\n<p><strong>&nbsp;&nbsp;&nbsp; <\/strong><strong>Q<\/strong><strong>ISA B<\/strong><strong>\u0130<\/strong><strong>OQRAF<\/strong><strong>\u0130<\/strong><strong>K M<\/strong><strong>\u018f<\/strong><strong>LUMAT<\/strong><\/p>\n\n\n\n<ul class=\"wp-block-list\">\n<li>18 avqust 1979-cu ild\u0259 G\u0259nc\u0259 \u015f\u0259h\u0259rind\u0259 anadan olmu\u015fdur.<\/li>\n\n\n\n<li>Ail\u0259lidir.<\/li>\n\n\n\n<li>2005 \u2013 ci ild\u0259n YAP-\u0131n \u00fczv\u00fcd\u00fcr.<\/li>\n<\/ul>\n\n\n\n<p><strong>T<\/strong><strong>\u018f<\/strong><strong>HS<\/strong><strong>\u0130<\/strong><strong>L<\/strong><strong>\u0130<\/strong><strong>,<\/strong><strong> ELM<\/strong><strong>\u0130<\/strong><strong> D<\/strong><strong>\u018f<\/strong><strong>R<\/strong><strong>\u018f<\/strong><strong>C<\/strong><strong>\u018f<\/strong><strong>S<\/strong><strong>\u0130<\/strong><strong> V<\/strong><strong>\u018f<\/strong><strong> ELM<\/strong><strong>\u0130<\/strong><strong> ADLARI<\/strong> &nbsp;<\/p>\n\n\n\n<ul class=\"wp-block-list\">\n<li>1996-c\u0131 ild\u0259 G\u0259nc\u0259 \u015f\u0259h\u0259ri 2 sayl\u0131 orta m\u0259kt\u0259bi bitirib<\/li>\n\n\n\n<li>2001-ci ild\u0259 G\u0259nc\u0259 D\u00f6vl\u0259t Universitetinin T\u0259sviri inc\u0259s\u0259n\u0259t v\u0259 r\u0259smx\u0259tt ixtisas\u0131n\u0131 bitirib<\/li>\n\n\n\n<li>.2003-c\u00fc ild\u0259 G\u0259nc\u0259 D\u00f6vl\u0259t Universitetinin Pedaqogika n\u0259z\u0259riyy\u0259si v\u0259 tarixi ixtisas\u0131 \u00a0\u00fczr\u0259 magistraturan\u0131 bitirib<\/li>\n<\/ul>\n\n\n\n<p><strong>\u018f<\/strong><strong>M<\/strong><strong>\u018f<\/strong><strong>K F<\/strong><strong>\u018f<\/strong><strong>AL<\/strong><strong>\u0130<\/strong><strong>YY<\/strong><strong>\u018f<\/strong><strong>T<\/strong><strong>\u0130<\/strong><strong><\/strong><\/p>\n\n\n\n<ul class=\"wp-block-list\">\n<li>2004-c\u00fc ild\u0259n T\u0259sviri inc\u0259s\u0259n\u0259t kafedras\u0131nda m\u00fc\u0259llim v\u0259zif\u0259sind\u0259 \u00e7al\u0131\u015f\u0131r<\/li>\n\n\n\n<li>\u00a02011-ci ild\u0259n is\u0259 h\u0259min kafedrada bu g\u00fcn\u0259kimi \u00a0ba\u015f m\u00fc\u0259llim v\u0259zif\u0259sind\u0259 \u00e7al\u0131\u015f\u0131r<\/li>\n<\/ul>\n\n\n\n<p><strong>ELM<\/strong><strong>\u0130<\/strong><strong> <\/strong><strong>\u018f<\/strong><strong>S<\/strong><strong>\u018f<\/strong><strong>RL<\/strong><strong>\u018f<\/strong><strong>R<\/strong><strong>\u0130<\/strong>&nbsp;&nbsp;<\/p>\n\n\n\n<ul class=\"wp-block-list\">\n<li>&#8220;R\u0259sml\u0259rd\u0259 i\u015f\u0131qland\u0131rman\u0131n rolu v\u0259 ton m\u00fcnasib\u0259tl\u0259ri&#8221; 1,5 s\u0259hif\u0259 X\u0259b\u0259rl\u0259r m\u0259cmu\u0259si \u2116 20, &#8220;Elm&#8221;n\u0259\u015friyyat\u0131,G\u0259nc\u0259 2005\u00a0\u00a0\u00a0\u00a0\u00a0\u00a0\u00a0\u00a0\u00a0\u00a0\u00a0\u00a0\u00a0\u00a0\u00a0\u00a0\u00a0\u00a0\u00a0\u00a0\u00a0\u00a0\u00a0\u00a0\u00a0\u00a0\u00a0\u00a0\u00a0\u00a0\u00a0\u00a0\u00a0\u00a0\u00a0\u00a0\u00a0\u00a0\u00a0\u00a0\u00a0\u00a0\u00a0\u00a0\u00a0\u00a0\u00a0\u00a0\u00a0\u00a0 \u00a0\u00a0<\/li>\n\n\n\n<li>\u00a0&#8220;\u0130btidai sinifl\u0259rd\u0259 naturadan r\u0259sm m\u0259\u015f\u011f\u0259l\u0259si zaman\u0131 milli m\u0259i\u015f\u0259t \u0259\u015fyalar\u0131ndan istifad\u0259 imkanlar\u0131&#8221;1,5 s\u0259hif\u0259,Elmi x\u0259b\u0259rl\u0259r,Bak\u0131-Nurlan-2007\u00a0\u00a0\u00a0\u00a0\u00a0\u00a0\u00a0\u00a0\u00a0\u00a0\u00a0\u00a0\u00a0\u00a0\u00a0\u00a0\u00a0\u00a0\u00a0\u00a0\u00a0\u00a0\u00a0\u00a0\u00a0\u00a0\u00a0\u00a0\u00a0\u00a0\u00a0\u00a0\u00a0\u00a0\u00a0\u00a0\u00a0\u00a0\u00a0\u00a0\u00a0\u00a0\u00a0\u00a0\u00a0\u00a0\u00a0\u00a0\u00a0\u00a0\u00a0\u00a0\u00a0\u00a0\u00a0\u00a0\u00a0 \u00a0\u00a0\u00a0\u00a0\u00a0\u00a0\u00a0\u00a0\u00a0\u00a0\u00a0\u00a0\u00a0\u00a0\u00a0\u00a0<\/li>\n\n\n\n<li>&#8220;Az\u0259rbaycan miniat\u00fcrl\u0259r&#8221; 0,5\u00e7ap v\u0259r\u0259qi,Universitetl\u0259t \u00fc\u00e7\u00fcn proqram,G\u0259nc\u0259 2008<\/li>\n\n\n\n<li>Qaraba\u011f xal\u00e7a m\u0259kt\u0259bi.GDU.-2022.Elmi xeberler\u00a0\u00a0\u00a0 \u00a0\u00a0\u00a0\u00a0\u00a0\u00a0\u00a0\u00a0\u00a0\u00a0\u00a0\u00a0\u00a0\u00a0\u00a0\u00a0\u00a0\u00a0\u00a0\u00a0\u00a0\u00a0\u00a0\u00a0\u00a0\u00a0\u00a0\u00a0\u00a0\u00a0\u00a0\u00a0\u00a0\u00a0\u00a0\u00a0\u00a0\u00a0\u00a0\u00a0\u00a0\u00a0\u00a0\u00a0\u00a0\u00a0 \u00a0\u00a0\u00a0\u00a0\u00a0\u00a0\u00a0\u00a0<\/li>\n\n\n\n<li>Sulu boya (akvarel) v\u0259 qua\u015f r\u0259ngkarl\u0131\u011f\u0131n\u0131n i\u015fl\u0259nm\u0259si x\u00fcsusiyy\u0259tl\u0259ri. GDU.-2023.Elmi xeberler\u00a0\u00a0\u00a0\u00a0\u00a0 \u00a0\u00a0\u00a0\u00a0\u00a0\u00a0\u00a0\u00a0\u00a0\u00a0\u00a0 \u00a0\u00a0\u00a0\u00a0\u00a0\u00a0\u00a0\u00a0\u00a0\u00a0\u00a0\u00a0\u00a0\u00a0\u00a0\u00a0\u00a0\u00a0\u00a0\u00a0\u00a0\u00a0\u00a0\u00a0\u00a0\u00a0\u00a0\u00a0\u00a0\u00a0\u00a0\u00a0\u00a0\u00a0\u00a0\u00a0\u00a0\u00a0\u00a0\u00a0\u00a0\u00a0\u00a0\u00a0\u00a0\u00a0\u00a0\u00a0\u00a0\u00a0\u00a0\u00a0\u00a0\u00a0\u00a0\u00a0\u00a0\u00a0\u00a0\u00a0\u00a0\u00a0\u00a0\u00a0\u00a0\u00a0\u00a0\u00a0\u00a0\u00a0\u00a0\u00a0\u00a0\u00a0\u00a0\u00a0\u00a0\u00a0\u00a0\u00a0\u00a0\u00a0\u00a0 \u00a0\u00a0\u00a0\u00a0\u00a0\u00a0\u00a0\u00a0\u00a0\u00a0\u00a0\u00a0<\/li>\n\n\n\n<li>Az\u0259rbaycanda xal\u00e7a\u00e7\u0131l\u0131q s\u0259n\u0259tinin \u0259n\u0259n\u0259l\u0259ri\u00a0\u00a0\u00a0\u00a0\u00a0\u00a0\u00a0\u00a0\u00a0\u00a0\u00a0\u00a0\u00a0\u00a0\u00a0\u00a0\u00a0\u00a0\u00a0\u00a0\u00a0\u00a0\u00a0\u00a0\u00a0\u00a0\u00a0\u00a0\u00a0\u00a0\u00a0\u00a0\u00a0\u00a0\u00a0\u00a0\u00a0\u00a0\u00a0\u00a0\u00a0\u00a0\u00a0\u00a0\u00a0\u00a0\u00a0\u00a0\u00a0\u00a0\u00a0\u00a0\u00a0\u00a0\u00a0\u00a0\u00a0\u00a0\u00a0\u00a0\u00a0 \u00a0\u00a0\u00a0\u00a0\u00a0\u00a0\u00a0\u00a0\u00a0\u00a0\u00a0<\/li>\n<\/ul>\n","protected":false},"excerpt":{"rendered":"<p>T\u0259sviri inc\u0259s\u0259n\u0259t kafedras\u0131n\u0131n ba\u015f m\u00fc\u0259llimi&nbsp;&nbsp;&nbsp;&nbsp;&nbsp;&nbsp;&nbsp; &nbsp;&nbsp;&nbsp;&nbsp;&nbsp; &nbsp;&nbsp; &nbsp;&nbsp;+994 55&nbsp;442-07-38 xayala.kazimova.83@mail.ru &nbsp;&nbsp;&nbsp; QISA B\u0130OQRAF\u0130K M\u018fLUMAT T\u018fHS\u0130L\u0130, ELM\u0130 D\u018fR\u018fC\u018fS\u0130 V\u018f ELM\u0130 ADLARI &nbsp; \u018fM\u018fK F\u018fAL\u0130YY\u018fT\u0130 ELM\u0130 \u018fS\u018fRL\u018fR\u0130&nbsp;&nbsp;<\/p>\n","protected":false},"author":3,"featured_media":0,"parent":0,"menu_order":0,"comment_status":"closed","ping_status":"closed","template":"","meta":{"footnotes":""},"class_list":["post-12763","page","type-page","status-publish","hentry"],"_links":{"self":[{"href":"http:\/\/ftf.gdu.edu.az\/index.php?rest_route=\/wp\/v2\/pages\/12763"}],"collection":[{"href":"http:\/\/ftf.gdu.edu.az\/index.php?rest_route=\/wp\/v2\/pages"}],"about":[{"href":"http:\/\/ftf.gdu.edu.az\/index.php?rest_route=\/wp\/v2\/types\/page"}],"author":[{"embeddable":true,"href":"http:\/\/ftf.gdu.edu.az\/index.php?rest_route=\/wp\/v2\/users\/3"}],"replies":[{"embeddable":true,"href":"http:\/\/ftf.gdu.edu.az\/index.php?rest_route=%2Fwp%2Fv2%2Fcomments&post=12763"}],"version-history":[{"count":3,"href":"http:\/\/ftf.gdu.edu.az\/index.php?rest_route=\/wp\/v2\/pages\/12763\/revisions"}],"predecessor-version":[{"id":15350,"href":"http:\/\/ftf.gdu.edu.az\/index.php?rest_route=\/wp\/v2\/pages\/12763\/revisions\/15350"}],"wp:attachment":[{"href":"http:\/\/ftf.gdu.edu.az\/index.php?rest_route=%2Fwp%2Fv2%2Fmedia&parent=12763"}],"curies":[{"name":"wp","href":"https:\/\/api.w.org\/{rel}","templated":true}]}}