{"id":12782,"date":"2024-03-10T22:02:12","date_gmt":"2024-03-10T20:02:12","guid":{"rendered":"http:\/\/ftf.gdu.edu.az\/?page_id=12782"},"modified":"2025-06-02T07:52:54","modified_gmt":"2025-06-02T05:52:54","slug":"m%c9%99mm%c9%99dova-ays%c9%99-elbrus-qizi-2","status":"publish","type":"page","link":"http:\/\/ftf.gdu.edu.az\/?page_id=12782","title":{"rendered":"M\u0259mm\u0259dova Ay\u015f\u0259 Elbrus q\u0131z\u0131"},"content":{"rendered":"\n<figure class=\"wp-block-image size-full is-resized\"><img loading=\"lazy\" decoding=\"async\" width=\"320\" height=\"448\" src=\"http:\/\/ftf.gdu.edu.az\/wp-content\/uploads\/2024\/03\/AYS\u018f.jpg\" alt=\"\" class=\"wp-image-12843\" style=\"width:230px;height:auto\"\/><\/figure>\n\n\n\n<p><strong>M\u0259mm\u0259dova Ay\u015f\u0259 Elbrus q\u0131z\u0131<\/strong><\/p>\n\n\n\n<p><strong>Tel: 055-502-04-72<\/strong><\/p>\n\n\n\n<p><strong>e-mail: <\/strong><a href=\"mailto:ayse.memmedova_88@mail.ru\"><strong>ayse.memmedova_88<\/strong><strong>@mail.ru<\/strong><\/a><strong><\/strong><\/p>\n\n\n\n<p><strong>12.05.1988-ci ild\u0259<\/strong> G\u0259nc\u0259 \u015f\u0259h\u0259rind\u0259 anadan olmu\u015fdur.<strong><\/strong><\/p>\n\n\n\n<p><strong>2010-cu ild\u0259n<\/strong>&nbsp; YAP-\u0131n \u00fczv\u00fcd\u00fcr.<strong><\/strong><\/p>\n\n\n\n<p><strong>1995<\/strong><strong>-ci ild\u0259<\/strong> G\u0259nc\u0259 \u015f\u0259h\u0259ri M.A.Abbaszad\u0259 ad\u0131na 20 sayl\u0131 orta m\u0259kt\u0259b\u0259 daxil olmu\u015fdur. <strong>2006-c\u0131 ild\u0259<\/strong> h\u0259min m\u0259kt\u0259bi bitirmi\u015fdir.<\/p>\n\n\n\n<p><strong>2007-ci ild\u0259<\/strong> &nbsp;G\u0259nc\u0259 \u015f\u0259h\u0259ri Az\u0259rbaycan \u00abBilik\u00bb Marif\u00e7ilik C\u0259miyy\u0259ti \u0130nformasiya \u2013 T\u0259hsil M\u0259rk\u0259zind\u0259 \u00ab Komp\u00fcter Texnikas\u0131 v\u0259 \u0130nformativ Texnologiyalar \u00bb kursuna daxil olmu\u015f v\u0259 <strong>2008-ci<\/strong> <strong>ild\u0259<\/strong> t\u0259dris proqram\u0131n\u0131n tam kursunu bitirmi\u015fdir.<\/p>\n\n\n\n<p><strong>2009-cu ild\u0259<\/strong> Az\u0259rbaycan D\u00f6vl\u0259t Aqrar Universitetinin Aqrotexnologiya fak\u00fclt\u0259sinin<\/p>\n\n\n\n<p><strong>\u02baMemarl\u0131q\u02ba<\/strong>&nbsp; ixtisas\u0131na q\u0259bul olmu\u015fdur. <strong>2013-c\u00fc ild\u0259<\/strong> Universiteti f\u0259rql\u0259nm\u0259 il\u0259 bitirmi\u015fdir.<\/p>\n\n\n\n<p><strong>2013-c\u00fc ild\u0259<\/strong> Az\u0259rbaycan D\u00f6vl\u0259t Aqrar Universitetinin Aqrotexnologiya fak\u00fclt\u0259sinin<\/p>\n\n\n\n<p><strong>\u02baMemarl\u0131q m\u00fchitinin dizayn\u0131\u02ba <\/strong>ixtisas\u0131 \u00fczr\u0259 magistratura pill\u0259sin\u0259 q\u0259bul olmu\u015fdur.<\/p>\n\n\n\n<p><strong>2015-ci ild\u0259<\/strong> <strong>\u02baMemarl\u0131q m\u00fchitinin dizayn\u0131\u02ba <\/strong>ixtisasla\u015fmas\u0131 \u00fczr\u0259 Magistr Elmi-\u0130xtisas d\u0259r\u0259c\u0259si verilmi\u015fdir.(F\u0259rql\u0259nm\u0259 il\u0259 bitirmi\u015fdir).<\/p>\n\n\n\n<p><strong>2019-cu ild\u0259n<\/strong> G\u0259nc\u0259 D\u00f6vl\u0259t Universitetinin \u201cT\u0259sviri inc\u0259s\u0259n\u0259t\u201d kafedras\u0131nda m\u00fc\u0259llim i\u015fl\u0259yir.<\/p>\n\n\n\n<p><strong>5 m\u0259qal\u0259 2 konfrans <\/strong>material\u0131n\u0131n m\u00fc\u0259llifidir.<\/p>\n\n\n\n<p><strong>M\u0259qal\u0259l\u0259ri<\/strong><\/p>\n\n\n\n<ol class=\"wp-block-list\">\n<li>Memar binan\u0131 nec\u0259 layih\u0259l\u0259ndirir . ADAU \u2013nun Elmi\u00a0 \u018fs\u0259rl\u0259ri. (\u018flav\u0259 2). G\u0259nc\u0259,\u00a0 2014.\u00a0\u00a0\u00a0<\/li>\n\n\n\n<li>Mehmanxanalar\u0131n layih\u0259l\u0259ndirilm\u0259sind\u0259 n\u0259z\u0259r\u0259 al\u0131nan amill\u0259r. ADAU \u2013nun<\/li>\n<\/ol>\n\n\n\n<p>Elmi \u018fs\u0259rl\u0259ri.&nbsp; (\u018flav\u0259 4). G\u0259nc\u0259,&nbsp; 2015&nbsp;&nbsp;&nbsp;&nbsp;&nbsp;<\/p>\n\n\n\n<ul class=\"wp-block-list\">\n<li>\u201dT\u0259sviri inc\u0259s\u0259n\u0259td\u0259 nat\u00fcrmort janr\u0131 v\u0259 onun m\u0259rh\u0259l\u0259l\u0259r\u0259 uy\u011fun olaraq i\u015fl\u0259nm\u0259 qaydalar\u0131.\u201dAMEA (G\u0259nc\u0259 B\u00f6lm\u0259si). \u00abX\u0259b\u0259rl\u0259r m\u0259cmu\u0259si\u00bb \u02baPedaqoji\u02ba elml\u0259r seriyas\u0131 \u21161(3).s\u0259h 132-135. G\u0259nc\u0259 \u2013 2021<\/li>\n\n\n\n<li>\u201dT\u0259sviri inc\u0259s\u0259n\u0259td\u0259 t\u0259bi\u0259t m\u0259nz\u0259r\u0259l\u0259rinin\u00e7\u0259kilm\u0259 qaydalar\u0131.\u201d AMEA (G\u0259nc\u0259<\/li>\n<\/ul>\n\n\n\n<p>B\u00f6lm\u0259si). \u00abX\u0259b\u0259rl\u0259r m\u0259cmu\u0259si\u00bb \u02baPedaqoji\u02ba elml\u0259r seriyas\u0131 \u21161(4).s\u0259h 154-157. G\u0259nc\u0259 &nbsp;&nbsp;\u20132022<\/p>\n\n\n\n<ul class=\"wp-block-list\">\n<li>Bulletin of Science and Practice<\/li>\n<\/ul>\n\n\n\n<p>&nbsp;&nbsp;&nbsp;&nbsp;&nbsp;&nbsp;&nbsp;&nbsp; Scientific Journal 2023, Volume 9, Issue 4<\/p>\n\n\n\n<p>&nbsp;&nbsp;&nbsp;&nbsp;&nbsp;&nbsp;&nbsp;&nbsp; M\u0259qal\u0259nin ad\u0131: METHODS OF DRAWING PORTRAIT GENRE IN FINE ARTS<\/p>\n\n\n\n<ul class=\"wp-block-list\">\n<li>PAGE 473-476<\/li>\n<\/ul>\n\n\n\n<p><strong>Konfrans materiallar\u0131<\/strong><\/p>\n\n\n\n<ul class=\"wp-block-list\">\n<li>\u201cEUROPEAN SCIENTIFIC CONGRESS\u201d<\/li>\n<\/ul>\n\n\n\n<p>&nbsp;&nbsp;&nbsp;&nbsp;&nbsp;&nbsp;PROCEEDINGS OF I INTERNATIONAL SCIENTIFIC AND PRACTICAL<\/p>\n\n\n\n<p>&nbsp;&nbsp;&nbsp;&nbsp;&nbsp; CONFERENCE FEBRUARY 20-22, 2023 MADR\u0130D 2023<\/p>\n\n\n\n<p>&nbsp;&nbsp;&nbsp;&nbsp;&nbsp;M\u0259qal\u0259nin ad\u0131: THE IMPORTANCE OF SCULPTURE ART IN OUR LIFE \u2013<\/p>\n\n\n\n<p>&nbsp;&nbsp;&nbsp;&nbsp;&nbsp;&nbsp;PAGE 264 \u2013 267&nbsp;&nbsp;&nbsp;<\/p>\n\n\n\n<ul class=\"wp-block-list\">\n<li>\u201cEUROPEAN SCIENTIFIC CONGRESS\u201d<\/li>\n<\/ul>\n\n\n\n<p>&nbsp;&nbsp;&nbsp; &nbsp;&nbsp;&nbsp;PROCEEDINGS OF VIII INTERNATIONAL SCIENTIFIC AND PRACTICAL<\/p>\n\n\n\n<p>&nbsp;&nbsp;&nbsp;&nbsp; &nbsp;&nbsp;CONFERENCE SEPTEMBER 4-6, 2023 MADR\u0130D 2023<\/p>\n\n\n\n<p>&nbsp;&nbsp;&nbsp;&nbsp; &nbsp;&nbsp;M\u0259qal\u0259nin ad\u0131: THE METHOD OF DEPICTING THE HUMAN FIGURE \u0130N<\/p>\n\n\n\n<p>&nbsp;&nbsp;&nbsp;&nbsp;&nbsp;&nbsp; F\u0130NE &nbsp;ARTS \u2013 PAGE 75-79.<\/p>\n","protected":false},"excerpt":{"rendered":"<p>M\u0259mm\u0259dova Ay\u015f\u0259 Elbrus q\u0131z\u0131 Tel: 055-502-04-72 e-mail: ayse.memmedova_88@mail.ru 12.05.1988-ci ild\u0259 G\u0259nc\u0259 \u015f\u0259h\u0259rind\u0259 anadan olmu\u015fdur. 2010-cu ild\u0259n&nbsp; YAP-\u0131n \u00fczv\u00fcd\u00fcr. 1995-ci ild\u0259 G\u0259nc\u0259 \u015f\u0259h\u0259ri M.A.Abbaszad\u0259 ad\u0131na 20 sayl\u0131 orta m\u0259kt\u0259b\u0259 daxil olmu\u015fdur. 2006-c\u0131 ild\u0259 h\u0259min m\u0259kt\u0259bi bitirmi\u015fdir. 2007-ci ild\u0259 &nbsp;G\u0259nc\u0259 \u015f\u0259h\u0259ri Az\u0259rbaycan \u00abBilik\u00bb Marif\u00e7ilik C\u0259miyy\u0259ti \u0130nformasiya \u2013 T\u0259hsil M\u0259rk\u0259zind\u0259 \u00ab Komp\u00fcter Texnikas\u0131 v\u0259 \u0130nformativ Texnologiyalar \u00bb kursuna<\/p>\n<p><a href=\"http:\/\/ftf.gdu.edu.az\/?page_id=12782\" class=\"more-link themebutton\">Daha \u0259trafl\u0131 <\/a><\/p>\n","protected":false},"author":3,"featured_media":0,"parent":0,"menu_order":0,"comment_status":"closed","ping_status":"closed","template":"","meta":{"footnotes":""},"class_list":["post-12782","page","type-page","status-publish","hentry"],"_links":{"self":[{"href":"http:\/\/ftf.gdu.edu.az\/index.php?rest_route=\/wp\/v2\/pages\/12782"}],"collection":[{"href":"http:\/\/ftf.gdu.edu.az\/index.php?rest_route=\/wp\/v2\/pages"}],"about":[{"href":"http:\/\/ftf.gdu.edu.az\/index.php?rest_route=\/wp\/v2\/types\/page"}],"author":[{"embeddable":true,"href":"http:\/\/ftf.gdu.edu.az\/index.php?rest_route=\/wp\/v2\/users\/3"}],"replies":[{"embeddable":true,"href":"http:\/\/ftf.gdu.edu.az\/index.php?rest_route=%2Fwp%2Fv2%2Fcomments&post=12782"}],"version-history":[{"count":3,"href":"http:\/\/ftf.gdu.edu.az\/index.php?rest_route=\/wp\/v2\/pages\/12782\/revisions"}],"predecessor-version":[{"id":15357,"href":"http:\/\/ftf.gdu.edu.az\/index.php?rest_route=\/wp\/v2\/pages\/12782\/revisions\/15357"}],"wp:attachment":[{"href":"http:\/\/ftf.gdu.edu.az\/index.php?rest_route=%2Fwp%2Fv2%2Fmedia&parent=12782"}],"curies":[{"name":"wp","href":"https:\/\/api.w.org\/{rel}","templated":true}]}}