{"id":12799,"date":"2024-03-10T22:09:50","date_gmt":"2024-03-10T20:09:50","guid":{"rendered":"http:\/\/ftf.gdu.edu.az\/?page_id=12799"},"modified":"2025-06-02T07:55:29","modified_gmt":"2025-06-02T05:55:29","slug":"%c9%99libayramli-sahan%c9%99-fikr%c9%99t-qizi","status":"publish","type":"page","link":"http:\/\/ftf.gdu.edu.az\/?page_id=12799","title":{"rendered":"\u018flibayraml\u0131 \u015eahan\u0259 Fikr\u0259t q\u0131z\u0131"},"content":{"rendered":"\n<figure class=\"wp-block-image size-full is-resized\"><img loading=\"lazy\" decoding=\"async\" width=\"320\" height=\"448\" src=\"http:\/\/ftf.gdu.edu.az\/wp-content\/uploads\/2024\/03\/sahane-.jpg\" alt=\"\" class=\"wp-image-12860\" style=\"width:233px;height:auto\"\/><\/figure>\n\n\n\n<p>Alibayraml\u0131 \u015eahan\u0259 Fikr\u0259t q\u0131z\u0131 &#8212;&nbsp; &nbsp;laborant<\/p>\n\n\n\n<p>1996-c\u0131 ild\u0259 \u015e\u0259mkir rayonu&nbsp; Qarac\u0259milli k\u0259ndind\u0259 anadan &nbsp;olmu\u015fdur .<\/p>\n\n\n\n<p>2002-ci &nbsp;ild\u0259 C.Bayramov&nbsp; ad\u0131na&nbsp; 2 sayl\u0131 orta m\u0259kt\u0259bin I sinfin\u0259 daxil olub, 2013-c\u00fc ild\u0259 h\u0259min m\u0259kt\u0259bi bitirmi\u015fdir.<\/p>\n\n\n\n<p>2015-ci ild\u0259 G\u0259nc\u0259 D\u00f6vl\u0259t Universitetinin&nbsp; Fizika v\u0259 texniki f\u0259nl\u0259r&nbsp; fak\u00fclt\u0259sinin&nbsp; T\u0259sviri inc\u0259s\u0259n\u0259t m\u00fc\u0259llimliyi ixtisas\u0131na daxil olmu\u015fdur. 2019-cu ild\u0259 h\u0259min ixtisas\u0131 bitirib.<\/p>\n\n\n\n<p>2023-c\u00fc il G\u0259nc\u0259 D\u00f6vl\u0259t Universiteti T\u0259sviri inc\u0259s\u0259n\u0259t kafedras\u0131na laborant v\u0259zif\u0259sin\u0259 i\u015f\u0259 q\u0259bul olmu\u015fdur.&nbsp;<\/p>\n","protected":false},"excerpt":{"rendered":"<p>Alibayraml\u0131 \u015eahan\u0259 Fikr\u0259t q\u0131z\u0131 &#8212;&nbsp; &nbsp;laborant 1996-c\u0131 ild\u0259 \u015e\u0259mkir rayonu&nbsp; Qarac\u0259milli k\u0259ndind\u0259 anadan &nbsp;olmu\u015fdur . 2002-ci &nbsp;ild\u0259 C.Bayramov&nbsp; ad\u0131na&nbsp; 2 sayl\u0131 orta m\u0259kt\u0259bin I sinfin\u0259 daxil olub, 2013-c\u00fc ild\u0259 h\u0259min m\u0259kt\u0259bi bitirmi\u015fdir. 2015-ci ild\u0259 G\u0259nc\u0259 D\u00f6vl\u0259t Universitetinin&nbsp; Fizika v\u0259 texniki f\u0259nl\u0259r&nbsp; fak\u00fclt\u0259sinin&nbsp; T\u0259sviri inc\u0259s\u0259n\u0259t m\u00fc\u0259llimliyi ixtisas\u0131na daxil olmu\u015fdur. 2019-cu ild\u0259 h\u0259min ixtisas\u0131 bitirib. 2023-c\u00fc il<\/p>\n<p><a href=\"http:\/\/ftf.gdu.edu.az\/?page_id=12799\" class=\"more-link themebutton\">Daha \u0259trafl\u0131 <\/a><\/p>\n","protected":false},"author":3,"featured_media":0,"parent":0,"menu_order":0,"comment_status":"closed","ping_status":"closed","template":"","meta":{"footnotes":""},"class_list":["post-12799","page","type-page","status-publish","hentry"],"_links":{"self":[{"href":"http:\/\/ftf.gdu.edu.az\/index.php?rest_route=\/wp\/v2\/pages\/12799"}],"collection":[{"href":"http:\/\/ftf.gdu.edu.az\/index.php?rest_route=\/wp\/v2\/pages"}],"about":[{"href":"http:\/\/ftf.gdu.edu.az\/index.php?rest_route=\/wp\/v2\/types\/page"}],"author":[{"embeddable":true,"href":"http:\/\/ftf.gdu.edu.az\/index.php?rest_route=\/wp\/v2\/users\/3"}],"replies":[{"embeddable":true,"href":"http:\/\/ftf.gdu.edu.az\/index.php?rest_route=%2Fwp%2Fv2%2Fcomments&post=12799"}],"version-history":[{"count":3,"href":"http:\/\/ftf.gdu.edu.az\/index.php?rest_route=\/wp\/v2\/pages\/12799\/revisions"}],"predecessor-version":[{"id":15362,"href":"http:\/\/ftf.gdu.edu.az\/index.php?rest_route=\/wp\/v2\/pages\/12799\/revisions\/15362"}],"wp:attachment":[{"href":"http:\/\/ftf.gdu.edu.az\/index.php?rest_route=%2Fwp%2Fv2%2Fmedia&parent=12799"}],"curies":[{"name":"wp","href":"https:\/\/api.w.org\/{rel}","templated":true}]}}