{"id":12264,"date":"2024-02-21T07:46:22","date_gmt":"2024-02-21T05:46:22","guid":{"rendered":"https:\/\/ftf.gdu.edu.az\/?page_id=12264"},"modified":"2025-06-02T07:45:56","modified_gmt":"2025-06-02T05:45:56","slug":"imanov-rizvan-m%c9%99mm%c9%99d%c9%99li-oglu","status":"publish","type":"page","link":"https:\/\/ftf.gdu.edu.az\/?page_id=12264","title":{"rendered":"\u0130manov Rizvan M\u0259mm\u0259d\u0259li o\u011flu"},"content":{"rendered":"\n<figure class=\"wp-block-image size-full is-resized\"><img loading=\"lazy\" decoding=\"async\" width=\"1575\" height=\"2205\" src=\"http:\/\/ftf.gdu.edu.az\/wp-content\/uploads\/2024\/03\/rizvan-imanov.jpg\" alt=\"\" class=\"wp-image-12541\" style=\"width:233px;height:auto\" srcset=\"https:\/\/ftf.gdu.edu.az\/wp-content\/uploads\/2024\/03\/rizvan-imanov.jpg 1575w, https:\/\/ftf.gdu.edu.az\/wp-content\/uploads\/2024\/03\/rizvan-imanov-768x1075.jpg 768w, https:\/\/ftf.gdu.edu.az\/wp-content\/uploads\/2024\/03\/rizvan-imanov-1097x1536.jpg 1097w, https:\/\/ftf.gdu.edu.az\/wp-content\/uploads\/2024\/03\/rizvan-imanov-1463x2048.jpg 1463w\" sizes=\"(max-width: 1575px) 100vw, 1575px\" \/><\/figure>\n\n\n\n<p><strong>\u0130manov Rizvan M\u0259h\u0259mm\u0259d\u0259li o.<\/strong><\/p>\n\n\n\n<p><strong>V\u0259zif\u0259si:<\/strong><\/p>\n\n\n\n<p>G\u0259nc\u0259 D\u00f6vl\u0259t Universitetinin Fizika v\u0259 Texniki f\u0259nl\u0259r fak\u00fclt\u0259sinin Fizika kafedras\u0131n\u0131n dosenti, fizika \u00fczr\u0259 f\u0259ls\u0259f\u0259 doktoru<\/p>\n\n\n\n<p><strong>Telefon: <\/strong>055- 842 \u2013 01 \u2013 36<\/p>\n\n\n\n<p><strong>E-mail:&nbsp;&nbsp;&nbsp; <\/strong><a href=\"mailto:imanov-rizvan@rambler.ru\">imanov-rizvan@rambler.ru<\/a><\/p>\n\n\n\n<p><strong>Q\u0131sa bioqrafik m\u0259lumat<\/strong>:<\/p>\n\n\n\n<p>1971-ci ild\u0259 Da\u015fk\u0259s\u0259n \u015f\u0259h\u0259rind\u0259 anadan olmu\u015fdur. 1978-ci ild\u0259 Da\u015fk\u0259s\u0259n \u015f\u0259h\u0259ri \u0130. N\u0259simi ad\u0131na 6 sayl\u0131 orta m\u0259kt\u0259bin birinci sinfin\u0259 getmi\u015f v\u0259 1988- ci ild\u0259 g\u00fcm\u00fc\u015f medalla h\u0259min m\u0259kt\u0259bi bitirm\u015fdir. H\u0259min il Bak\u0131 D\u00f6vl\u0259t Universitetinin fizika fakult\u0259sin\u0259 daxil olmu\u015f v\u0259 1993-c\u00fc ild\u0259 n\u0259z\u0259ri fizika ixtisas\u0131 \u00fczr\u0259 ali m\u0259kt\u0259bi bitirmi\u015fdir. 1993-94-c\u00fc t\u0259dris ilind\u0259 t\u0259yinatla Da\u015fk\u0259s\u0259n rayon Qu\u015f\u00e7u k\u0259nd orta m\u0259kt\u0259bind\u0259 fizika m\u00fc\u0259llimi i\u015fl\u0259mi\u015fdir. 1994-96-c\u0131 ill\u0259rd\u0259 h\u0259qiqi h\u0259rbi xidm\u0259td\u0259 olmu\u015f v\u0259 ordudan qay\u0131td\u0131qdan sonra h\u0259min m\u0259kt\u0259bd\u0259 i\u015fini davam etdirmi\u015fdir. 1998-ci ild\u0259n G\u0259nc\u0259 D\u00f6vl\u0259t Universitetinin fizika kafedras\u0131nda \u00e7al\u0131\u015f\u0131r.<\/p>\n\n\n\n<p><strong>T\u0259hsili, elmi d\u0259r\u0259c\u0259si v\u0259 elmi adlar\u0131:<\/strong><\/p>\n\n\n\n<p>&nbsp;Ali<\/p>\n\n\n\n<p>Fizika \u00fczr\u0259 f\u0259ls\u0259f\u0259 doktoru,&nbsp; dosent<\/p>\n\n\n\n<p><strong>\u018fm\u0259k f\u0259aliyy\u0259ti<\/strong>:<\/p>\n\n\n\n<p>1993-1997 Da\u015fk\u0259s\u0259n rayon Qu\u015f\u00e7u k\u0259nd orta m\u0259kt\u0259bind\u0259 fizika m\u00fc\u0259llimi, 1998-ci ild\u0259n GDU nun fizika kafedras\u0131nda \u00e7al\u0131\u015f\u0131r.<\/p>\n\n\n\n<p><strong>T\u0259ltifl\u0259ri: <\/strong>yoxdur<\/p>\n\n\n\n<p><strong>Elmi \u0259s\u0259rl\u0259ri<\/strong>&#8211;&nbsp; 40 dan art\u0131q m\u0259qal\u0259 v\u0259 tezisl\u0259r<\/p>\n\n\n\n<p>Beyn\u0259lxalq v\u0259 respublika simpozium v\u0259 konfranslar\u0131 <em>1-\u0430\u044f \u041c\u0435\u0436\u0434\u0443\u043d\u0430\u0440\u043e\u0434\u043d\u0430\u044f \u041d\u0430\u0443\u0447\u043d\u0430\u044f \u041a\u043e\u043d\u0444\u0435\u0440\u0435\u043d\u0446\u0438\u044f \u00ab\u041e\u0431\u0440\u0430\u0442\u043d\u044b\u0435 \u0437\u0430\u0434\u0430\u0447\u0438 \u0442\u0435\u043e\u0440\u0435\u0442\u0438\u0447\u0435\u0441\u043a\u043e\u0439 \u0438 \u043c\u0430\u0442\u0435\u043c\u0430\u0442\u0438\u0447\u0435\u0441\u043a\u043e\u0439 \u0444\u0438\u0437\u0438\u043a\u0438\u00bb, \u0421\u0443\u043c\u0433\u0430\u0438\u0442&nbsp; 2003,<\/em><\/p>\n\n\n\n<p><em>Az\u0259rbaycan MEA aspirantlar\u0131n\u0131n elmi konfrans\u0131n\u0131n materiallar\u0131, <\/em>(2004) ,<\/p>\n\n\n\n<p>\u0411\u0435\u0439\u043d\u044f\u043b\u0445\u0430\u043b\u0433 \u0412\u0438\u0433\u043d\u0435\u0440 \u0435\u043b\u043c\u0438 \u043a\u043e\u043d\u0444\u0440\u0430\u043d\u0441\u044b\u043d\u044b\u043d \u043c\u0430\u0442\u0435\u0440\u0438\u0430\u043b\u043b\u0430\u0440\u044b, \u0438\u0439\u0443\u043b 2002, \u041c\u0430\u044a\u0430\u0440\u044b\u0441\u0442\u0430\u043d,&nbsp; M\u00fcasir t\u0259bi\u0259t v\u0259 iqtisad elml\u0259rinin aktual probleml\u0259ri Beyn\u0259lxalq elmi konfrans 2018,&nbsp; \u0421\u043e\u0432\u0440\u0435\u043c\u0435\u043d\u043d\u0430\u044f \u043c\u0430\u0442\u0435\u043c\u0430\u0442\u0438\u043a\u0430 \u0438 \u0435\u0435 \u043f\u0440\u0438\u043b\u043e\u0436\u0435\u043d\u0438\u044f \u0421\u0431\u043e\u0440\u043d\u0438\u043a \u043c\u0430\u0442\u0435\u0440\u0438\u0430\u043b\u043e\u0432 II \u041c\u0435\u0436\u0434\u0443\u043d\u0430\u0440\u043e\u0434\u043d\u043e\u0439 \u043d\u0430\u0443\u0447\u043d\u043e-\u043f\u0440\u0430\u043a\u0442\u0438\u0447\u0435\u0441\u043a\u043e\u0439 \u043a\u043e\u043d\u0444\u0435\u0440\u0435\u043d\u0446\u0438\u0438, 22-24 \u043e\u043a\u0442\u044f\u0431\u0440\u044f 2021 &nbsp;&nbsp;v\u0259 s.<\/p>\n\n\n\n<p><strong>Dil bilgisi<\/strong><\/p>\n\n\n\n<ul class=\"wp-block-list\">\n<li>T\u00fcrk dili- \u0259la<\/li>\n\n\n\n<li>Rus dili -\u0259la<\/li>\n\n\n\n<li>\u0130ngilis dili &#8211; orta<\/li>\n<\/ul>\n\n\n\n<p><strong>Partiyal\u0131\u011f\u0131<\/strong><\/p>\n\n\n\n<p>2001-ci ild\u0259n YAP-n\u0131n \u00fczv\u00fcd\u00fcr<\/p>\n","protected":false},"excerpt":{"rendered":"<p>\u0130manov Rizvan M\u0259h\u0259mm\u0259d\u0259li o. V\u0259zif\u0259si: G\u0259nc\u0259 D\u00f6vl\u0259t Universitetinin Fizika v\u0259 Texniki f\u0259nl\u0259r fak\u00fclt\u0259sinin Fizika kafedras\u0131n\u0131n dosenti, fizika \u00fczr\u0259 f\u0259ls\u0259f\u0259 doktoru Telefon: 055- 842 \u2013 01 \u2013 36 E-mail:&nbsp;&nbsp;&nbsp; imanov-rizvan@rambler.ru Q\u0131sa bioqrafik m\u0259lumat: 1971-ci ild\u0259 Da\u015fk\u0259s\u0259n \u015f\u0259h\u0259rind\u0259 anadan olmu\u015fdur. 1978-ci ild\u0259 Da\u015fk\u0259s\u0259n \u015f\u0259h\u0259ri \u0130. N\u0259simi ad\u0131na 6 sayl\u0131 orta m\u0259kt\u0259bin birinci sinfin\u0259 getmi\u015f v\u0259 1988- ci<\/p>\n<p><a href=\"https:\/\/ftf.gdu.edu.az\/?page_id=12264\" class=\"more-link themebutton\">Daha \u0259trafl\u0131 <\/a><\/p>\n","protected":false},"author":3,"featured_media":0,"parent":0,"menu_order":0,"comment_status":"closed","ping_status":"closed","template":"","meta":{"footnotes":""},"class_list":["post-12264","page","type-page","status-publish","hentry"],"_links":{"self":[{"href":"https:\/\/ftf.gdu.edu.az\/index.php?rest_route=\/wp\/v2\/pages\/12264"}],"collection":[{"href":"https:\/\/ftf.gdu.edu.az\/index.php?rest_route=\/wp\/v2\/pages"}],"about":[{"href":"https:\/\/ftf.gdu.edu.az\/index.php?rest_route=\/wp\/v2\/types\/page"}],"author":[{"embeddable":true,"href":"https:\/\/ftf.gdu.edu.az\/index.php?rest_route=\/wp\/v2\/users\/3"}],"replies":[{"embeddable":true,"href":"https:\/\/ftf.gdu.edu.az\/index.php?rest_route=%2Fwp%2Fv2%2Fcomments&post=12264"}],"version-history":[{"count":4,"href":"https:\/\/ftf.gdu.edu.az\/index.php?rest_route=\/wp\/v2\/pages\/12264\/revisions"}],"predecessor-version":[{"id":15341,"href":"https:\/\/ftf.gdu.edu.az\/index.php?rest_route=\/wp\/v2\/pages\/12264\/revisions\/15341"}],"wp:attachment":[{"href":"https:\/\/ftf.gdu.edu.az\/index.php?rest_route=%2Fwp%2Fv2%2Fmedia&parent=12264"}],"curies":[{"name":"wp","href":"https:\/\/api.w.org\/{rel}","templated":true}]}}