{"id":13158,"date":"2024-04-18T20:49:00","date_gmt":"2024-04-18T18:49:00","guid":{"rendered":"https:\/\/ftf.gdu.edu.az\/?page_id=13158"},"modified":"2025-10-27T10:27:36","modified_gmt":"2025-10-27T08:27:36","slug":"ixtisaslar-uzr%c9%99-t%c9%99lim-n%c9%99tic%c9%99l%c9%99ri","status":"publish","type":"page","link":"https:\/\/ftf.gdu.edu.az\/?page_id=13158","title":{"rendered":"\u0130xtisaslar \u00fczr\u0259 t\u0259lim n\u0259tic\u0259l\u0259ri"},"content":{"rendered":"\n<p style=\"font-size:28px\"><strong>F\u0130Z\u0130KA  KAFEDRASI <\/strong><\/p>\n\n\n\n<p><strong><a href=\"https:\/\/disk.yandex.ru\/d\/UdajPgCwrkQIlg\">Fizika m\u00fc\u0259llimliyi &#8211; T\u0259lim n\u0259tic\u0259l\u0259ri <\/a><\/strong><\/p>\n\n\n\n<p class=\"has-text-color\" style=\"color:#5a1c94\"><a href=\"https:\/\/disk.yandex.com\/d\/IZuyKkW8t81T4Q\" data-type=\"URL\" data-id=\"https:\/\/disk.yandex.com\/d\/IZuyKkW8t81T4Q\"><strong>BAKALAVR P\u0130LL\u018fS\u0130N\u0130N F\u0130Z\u0130KA M\u00dc\u018fLL\u0130ML\u0130Y\u0130 \u0130XT\u0130SASININ T\u018fHS\u0130L PROQRAMININ M\u018fZUN KOMPETENS\u0130YALARININ, F\u018fNL\u018fR \u00dcZR\u018f T\u018fL\u0130M N\u018fT\u0130C\u018fL\u018fR\u0130 (FTN) V\u018f PROQRAMIN T\u018fL\u0130M N\u018fT\u0130C\u018fL\u018fR\u0130N\u0130N (PTN) UY\u011eUNLU\u011eU MATR\u0130S\u0130<\/strong><\/a><\/p>\n\n\n\n<p><a href=\"https:\/\/disk.yandex.ru\/i\/yj-I2qp2KiXhXA\"><strong>Fizika t\u0259drisi magistr-T\u0259dris plan\u0131 -FTN<\/strong><\/a><\/p>\n\n\n\n<p><a href=\"https:\/\/disk.yandex.ru\/i\/rkUJDsxjYhvbfA\"><strong>T\u0259tbiqi fizika Magistr- T\u0259dris plan\u0131 &#8211; FTN<\/strong><\/a><\/p>\n\n\n\n<p><a href=\"https:\/\/disk.yandex.ru\/i\/OH4yKDWeyHFZfQ\"><strong>Yar\u0131mke\u00e7irici Cihazlar Magistr-T\u0259dris plan\u0131 -FTN <\/strong><\/a><\/p>\n\n\n\n<p style=\"font-size:29px\"><strong>\u00dcTF V\u018f TEXNOLOG\u0130YA  KAFEDRASI<\/strong><\/p>\n\n\n\n<p><strong><a href=\"https:\/\/disk.yandex.ru\/i\/GNzy6yk4xVFbeQ\">&#8220;TEXNOLOG\u0130YA M\u00dc\u018fLL\u0130ML\u0130Y\u0130&#8221; \u0130XT\u0130SASI \u00dc\u00c7\u00dcN T\u018fDR\u0130S PROQRAMI V\u018f F\u018fNL\u018fR \u00dcZR\u018f T\u018fL\u0130M N\u018fT\u0130C\u018fL\u018fR\u0130<\/a><\/strong><\/p>\n\n\n\n<p class=\"has-text-color\" style=\"color:#581e8f\"><a href=\"https:\/\/disk.yandex.com\/i\/cDt_W7lsXukE5A\"><strong>KAFEDRADA  T\u018fDR\u0130S OLUNAN  F\u018fNL\u018fR\u0130N T\u018fL\u0130M N\u018fTC\u018fL\u018fR\u0130<\/strong><\/a><\/p>\n\n\n\n<p class=\"has-text-color\" style=\"color:#581e8f\">&#8220;<a href=\"https:\/\/disk.yandex.com\/i\/ClOJWb8JszzwVA\"><strong>TEXNOLOG\u0130YA F\u018fNN\u0130N\u0130N T\u018fDR\u0130S\u0130 METOD\u0130KASI V\u018f METODOLOG\u0130YASI&#8221;  MAG\u0130STR \u0130XT\u0130SASI \u00dcZR\u018f T\u018fHS\u0130L PROQRAMI V\u018f F\u018fNL\u018fR \u00dcZR\u018f T\u018fL\u0130M N\u018fT\u0130C\u018fL\u018fR\u0130<\/strong><\/a><\/p>\n\n\n\n<p class=\"has-text-color\" style=\"color:#581e8f\"><\/p>\n\n\n\n<p class=\"has-text-color has-link-color wp-elements-17b1be9dfd7965d567e6eeed67e66a41\" style=\"color:#4f1289\">&#8220;<a href=\"https:\/\/disk.yandex.ru\/i\/CHsTLB7TDGn_fw\"><strong>MA\u015eIN M\u00dcH\u018fND\u0130SL\u0130Y\u0130&#8221; \u0130XT\u0130SASI \u00dc\u00c7\u00dcN T\u018fDR\u0130S POQRAMI V\u018f F\u018fNL\u018fR \u00dcZR\u018f T\u018fL\u0130M N\u018fT\u0130C\u018fL\u018fR\u0130 <\/strong><\/a><\/p>\n\n\n\n<p class=\"has-text-color has-link-color wp-elements-81d39475d2ad3cc350fe0894e6d3d7cd\" style=\"color:#632a98\"><strong><a href=\"https:\/\/disk.yandex.ru\/i\/v_78u2qcCPXpWA\">&#8220;TEXNOLOG\u0130YANIN T\u018fDR\u0130S\u0130&#8221; \u0130XT\u0130SASI (MAG\u0130STR T\u018fHS\u0130L S\u018fV\u0130YY\u018fS\u0130 ) \u00dcZR\u018f T\u018fHS\u0130L PROQRAMI  V\u018f F\u018fNL\u018fR\u0130N T\u018fL\u0130M N\u018fT\u0130C\u018fL\u018fR\u0130<\/a><\/strong><\/p>\n\n\n\n<p style=\"font-size:24px\"><strong>T\u018fSV\u0130R\u0130 \u0130NC\u018fS\u018fN\u018fT  KAFEDRASI<\/strong><\/p>\n\n\n\n<p class=\"has-vivid-purple-color has-text-color has-link-color wp-elements-4693fcc5623d926efd395a988bbe5f0c\"><strong><a href=\"https:\/\/disk.yandex.ru\/d\/fnbdywv3T6OtlQ\">T\u018fSV\u0130R\u0130 \u0130NC\u018fS\u018fN\u018fT M\u00dc\u018fLL\u0130ML\u0130Y\u0130 \u0130XT\u0130SASI \u00dcZR\u018f T\u018fHS\u0130L PROQRAMI V\u018f T\u018fL\u0130M N\u018fT\u0130C\u018fL\u018fR\u0130<\/a><\/strong><\/p>\n\n\n\n<p class=\"has-text-color\" style=\"color:#7600a3\"><a href=\"https:\/\/disk.yandex.com\/d\/f9CGA03klTcXhg\" data-type=\"URL\" data-id=\"https:\/\/disk.yandex.com\/d\/f9CGA03klTcXhg\"> <strong>MAG\u0130STR T\u018fHS\u0130L S\u018fV\u0130YY\u018fS\u0130N\u0130N T\u018fSV\u0130R\u0130 \u0130NC\u018fS\u018fN\u018fT M\u00dc\u018fLL\u0130ML\u018fR\u0130N\u0130N  T\u018fDR\u0130S PROQRAMI V\u018f F\u018fNL\u018fR \u00dcZR\u018f T\u018fL\u0130M N\u018fT\u0130C\u018fL\u018fR\u0130 <\/strong><\/a><\/p>\n\n\n\n<p><\/p>\n","protected":false},"excerpt":{"rendered":"<p>F\u0130Z\u0130KA KAFEDRASI Fizika m\u00fc\u0259llimliyi &#8211; T\u0259lim n\u0259tic\u0259l\u0259ri BAKALAVR P\u0130LL\u018fS\u0130N\u0130N F\u0130Z\u0130KA M\u00dc\u018fLL\u0130ML\u0130Y\u0130 \u0130XT\u0130SASININ T\u018fHS\u0130L PROQRAMININ M\u018fZUN KOMPETENS\u0130YALARININ, F\u018fNL\u018fR \u00dcZR\u018f T\u018fL\u0130M N\u018fT\u0130C\u018fL\u018fR\u0130 (FTN) V\u018f PROQRAMIN T\u018fL\u0130M N\u018fT\u0130C\u018fL\u018fR\u0130N\u0130N (PTN) UY\u011eUNLU\u011eU MATR\u0130S\u0130 Fizika t\u0259drisi magistr-T\u0259dris plan\u0131 -FTN T\u0259tbiqi fizika Magistr- T\u0259dris plan\u0131 &#8211; FTN Yar\u0131mke\u00e7irici Cihazlar Magistr-T\u0259dris plan\u0131 -FTN \u00dcTF V\u018f TEXNOLOG\u0130YA KAFEDRASI &#8220;TEXNOLOG\u0130YA M\u00dc\u018fLL\u0130ML\u0130Y\u0130&#8221; \u0130XT\u0130SASI \u00dc\u00c7\u00dcN T\u018fDR\u0130S PROQRAMI<\/p>\n<p><a href=\"https:\/\/ftf.gdu.edu.az\/?page_id=13158\" class=\"more-link themebutton\">Daha \u0259trafl\u0131 <\/a><\/p>\n","protected":false},"author":1,"featured_media":0,"parent":0,"menu_order":0,"comment_status":"closed","ping_status":"closed","template":"","meta":{"footnotes":""},"class_list":["post-13158","page","type-page","status-publish","hentry"],"_links":{"self":[{"href":"https:\/\/ftf.gdu.edu.az\/index.php?rest_route=\/wp\/v2\/pages\/13158"}],"collection":[{"href":"https:\/\/ftf.gdu.edu.az\/index.php?rest_route=\/wp\/v2\/pages"}],"about":[{"href":"https:\/\/ftf.gdu.edu.az\/index.php?rest_route=\/wp\/v2\/types\/page"}],"author":[{"embeddable":true,"href":"https:\/\/ftf.gdu.edu.az\/index.php?rest_route=\/wp\/v2\/users\/1"}],"replies":[{"embeddable":true,"href":"https:\/\/ftf.gdu.edu.az\/index.php?rest_route=%2Fwp%2Fv2%2Fcomments&post=13158"}],"version-history":[{"count":26,"href":"https:\/\/ftf.gdu.edu.az\/index.php?rest_route=\/wp\/v2\/pages\/13158\/revisions"}],"predecessor-version":[{"id":15813,"href":"https:\/\/ftf.gdu.edu.az\/index.php?rest_route=\/wp\/v2\/pages\/13158\/revisions\/15813"}],"wp:attachment":[{"href":"https:\/\/ftf.gdu.edu.az\/index.php?rest_route=%2Fwp%2Fv2%2Fmedia&parent=13158"}],"curies":[{"name":"wp","href":"https:\/\/api.w.org\/{rel}","templated":true}]}}