{"id":771,"date":"2016-11-01T15:07:37","date_gmt":"2016-11-01T13:07:37","guid":{"rendered":"http:\/\/ftf.gdu.edu.az\/?page_id=771"},"modified":"2016-12-02T14:25:43","modified_gmt":"2016-12-02T12:25:43","slug":"m%c9%99mm%c9%99dov-elcin-misir-oglu","status":"publish","type":"page","link":"https:\/\/ftf.gdu.edu.az\/?page_id=771","title":{"rendered":"M\u018fMM\u018fDOV\u00a0EL\u00c7\u0130N M\u0130S\u0130R\u00a0O\u011eLU"},"content":{"rendered":"<p><a href=\"http:\/\/ftf.gdu.edu.az\/wp-content\/uploads\/2016\/04\/Elcin-Mammadov.jpg\"><img loading=\"lazy\" decoding=\"async\" class=\"alignnone size-full wp-image-756\" src=\"http:\/\/ftf.gdu.edu.az\/wp-content\/uploads\/2016\/04\/Elcin-Mammadov.jpg\" alt=\"Elcin Mammadov\" width=\"250\" height=\"349\" srcset=\"https:\/\/ftf.gdu.edu.az\/wp-content\/uploads\/2016\/04\/Elcin-Mammadov.jpg 250w, https:\/\/ftf.gdu.edu.az\/wp-content\/uploads\/2016\/04\/Elcin-Mammadov-215x300.jpg 215w\" sizes=\"(max-width: 250px) 100vw, 250px\" \/><\/a><\/p>\n<p><strong>G\u018fNC\u018f D\u00d6VL\u018fT UN\u0130VERS\u0130TET\u0130<\/strong><\/p>\n<p>\u00dcNVAN: H.\u018fliyev prospekti,159,G\u0259nc\u0259,Az\u0259rbaycan Respublikas\u0131<\/p>\n<p>Tel:\u00a0\u00a0\u00a0\u00a0\u00a0\u00a0 \u00a0\u00a0\u00a0\u00a0\u00a0 050-423-86-96<\/p>\n<p>e-mail:<\/p>\n<p><strong>QISA B\u0130OQRAF\u0130K M\u018fLUMAT<\/strong><\/p>\n<p>1968-ci ild\u0259 G\u00f6y-g\u00f6l (Xanlar) rayonu C\u00fcm\u015f\u00fcdl\u00fc k\u0259ndind\u0259 anadan olmu\u015fdur.<\/p>\n<p>1988-ci ild\u0259 Az\u0259rbaycan Texnologiya \u0130nstitutuna q\u0259bul olmu\u015f, 1993-c\u00fc ild\u0259 h\u0259min institutu f\u0259rql\u0259nm\u0259 diplomu il\u0259 bitirmi\u015fdir.<\/p>\n<p>Ail\u0259lidir, 2 \u00f6vlad\u0131 var.<\/p>\n<p><strong>T\u018fHS\u0130L\u0130, ELM\u0130 D\u018fR\u018fC\u018fS\u0130 V\u018f ELM\u0130 ADLARI<\/strong><\/p>\n<p>Ali t\u0259hsilli. \u00a0Ba\u015f m\u00fc\u0259llim<\/p>\n<p><strong>\u018fM\u018fK F\u018fAL\u0130YY<\/strong> <strong>\u018fT\u0130<\/strong><\/p>\n<p>2002-ci ilin noyabr ay\u0131ndan G\u0259nc\u0259 D\u00f6vl\u0259t Universitetind\u0259 \u00a0i\u015fl\u0259yir. 2003-c\u00fc ild\u0259 \u00dcmumi fizika kafedras\u0131nda \u0259vv\u0259lc\u0259 laboratoriya m\u00fcdiri, \u00a02006-c\u0131 ild\u0259n is\u0259 h\u0259min kafedrada m\u00fc\u0259llim i\u015fl\u0259yir. 2006-c\u0131 ilin oktyabr\u0131ndan\u00a0 \u00dcmumi fizika kafedras\u0131n\u0131n dissertant\u0131d\u0131r.<\/p>\n<p>Hal-haz\u0131rda h\u0259min kafedrada ba\u015f m\u00fc\u0259llim i\u015fl\u0259yir.<\/p>\n<p><strong>T\u018fDQ\u0130QAT SAH\u018fS\u0130<\/strong><\/p>\n<p>tip kristallar\u0131n qurulu\u015fu. Elektron v\u0259 istilik xass\u0259l\u0259rinin \u00f6yr\u0259nilm\u0259si.<\/p>\n<p><strong>BEYN\u018fLXALQ SEM\u0130NAR,S\u0130MPOZ\u0130UM V\u018f KONFRANSLARDA \u0130\u015eT\u0130RAKI<\/strong><\/p>\n<p>Fizikan\u0131n aktual probleml\u0259ri. \u201cBeyn\u0259lxalq elmi konfrans\u0131\u201d. BDU. Dekabr, 2013<\/p>\n<p><strong>SE\u00c7\u0130LM\u0130\u015e \u018fS\u018fRL\u018fR\u0130 <\/strong><\/p>\n<p><strong>M\u00fc\u0259lliflik \u015f\u0259had\u0259tnam\u0259si.\u00a0 <\/strong>\u00ab\u0422\u0435\u0440\u043c\u043e\u0435\u043b\u0435\u043a\u0442\u0440\u0438\u043a \u043c\u0430\u0442\u0435\u0440\u0438\u0430\u043b\u00bb Az\u0259rbaycan Respublikas\u0131 Standartla\u015fd\u0131r\u0131lma, metrologiya v\u0259 patent \u00fczr\u0259 d\u00f6vl\u0259t agentliyi \u0130 2008. 0195,23.07.2006<\/p>\n<p>1.\u0410\u043a\u0443\u0441\u0442\u043e\u0444\u043e\u0442\u043e\u0432\u043e\u043b\u044c\u0442\u0430\u0438\u0447\u0435\u0441\u043a\u0438\u0439 \u044d\u0444\u0444\u0435\u043a\u0442 \u0432 \u0446\u0435\u043f\u043e\u0447\u0435\u0447\u043d\u044b\u0445 \u043a\u0440\u0438\u0441\u0442\u0430\u043b\u043b\u0430\u0445 \u0442\u0438\u043f\u0430. .<\/p>\n<p>\u0410\u043c\u043e\u0440\u0444\u043d\u044b\u0435 \u0438 \u043c\u0438\u043a\u0440\u043e\u043a\u0440\u0438\u0441\u0442\u0430\u043b\u043b\u0438\u0447\u0435\u0441\u043a\u0438\u0435 \u043f\u043e\u043b\u0443\u043f\u0440\u043e\u0432\u043e\u0434\u043d\u0438\u043a\u0438. \u0421\u0431\u043e\u0440\u043d\u0438\u043a V \u041c\u0435\u0436\u0434\u0443\u043d\u0430\u0440\u043e\u0434\u043d\u043e\u0439 \u043a\u043e\u043d\u0444\u0435\u0440\u0435\u043d\u0446\u0438\u0438 19-21 \u0438\u044e\u043d\u044f 2006 \u0433\u043e\u0434\u0430 \u0421\u0430\u043d\u043a\u0442-\u041f\u0435\u0442\u0435\u0440\u0431\u0443\u0440\u0433, \u0420\u043e\u0441\u0441\u0438\u0439\u0441\u043a\u0430\u044f \u0410\u043a\u0430\u0434\u0435\u043c\u0438\u044f \u043d\u0430\u0443\u043a \u0424\u0438\u0437\u0438\u043a\u043e \u2013 \u0442\u0435\u0445\u043d\u0438\u0447\u0435\u0441\u043a\u0438\u0439 \u0438\u043d\u0441\u0442\u0438\u0442\u0443\u0442 \u0438\u043c. \u0410.\u0424.\u0418\u043e\u0444\u0444\u0435-\u0420\u0410\u041d.<\/p>\n<p>2.\u00ab\u0422\u0435\u0440\u043c\u043e\u044d\u043b\u0435\u043a\u0442\u0440\u0438\u0447\u0435\u0441\u043a\u0438\u0435 \u0441\u0432\u043e\u0439\u0441\u0442\u0432\u0430 \u043a\u0440\u0438\u0441\u0442\u0430\u043b\u043b\u043e\u0432 \u00bb \u041d\u0435\u043e\u0440\u0433\u0430\u043d\u0438\u0447\u0435\u0441\u043a\u0438\u0435 \u043c\u0430\u0442\u0435\u0440\u0438\u0430\u043b\u044b, \u041c\u043e\u0441\u043a\u0432\u0430, 2007, \u0442\u043e\u043c 43, \u211612<\/p>\n<p>3.\u00ab\u0421\u0438\u043d\u0442\u0435\u0437 \u0438 \u0432\u044b\u0440\u0430\u0449\u0438\u0432\u0430\u043d\u0438\u0435 \u043c\u043e\u043d\u043e\u043a\u0440\u0438\u0441\u0442\u0430\u043b\u043b\u043e\u0432 \u00a0\u0438 \u00bb \u041d\u0435\u043e\u0440\u0433\u0430\u043d\u0438\u0447\u0435\u0441\u043a\u0438\u0435 \u043c\u0430\u0442\u0435\u0440\u0438\u0430\u043b\u044b, \u041c\u043e\u0441\u043a\u0432\u0430, 2009, \u0442\u043e\u043c 45, \u21167<\/p>\n<p>4.\u00ab\u041e\u043f\u0442\u0438\u0447\u0435\u0441\u043a\u0438\u0435 \u0441\u0432\u043e\u0439\u0441\u0442\u0432\u0430 \u0441\u0438\u0441\u0442\u0435\u043c\u044b \u00bb BDU, Fizika probleml\u0259ri \u0130nstitutu \u201cFizikan\u0131n m\u00fcasir probleml\u0259ri\u201d III Respublika Konfrans\u0131n\u0131n materiallar\u0131 17-18 dekabr, Bak\u0131, 2009<\/p>\n","protected":false},"excerpt":{"rendered":"<p>G\u018fNC\u018f D\u00d6VL\u018fT UN\u0130VERS\u0130TET\u0130 \u00dcNVAN: H.\u018fliyev prospekti,159,G\u0259nc\u0259,Az\u0259rbaycan Respublikas\u0131 Tel:\u00a0\u00a0\u00a0\u00a0\u00a0\u00a0 \u00a0\u00a0\u00a0\u00a0\u00a0 050-423-86-96 e-mail: QISA B\u0130OQRAF\u0130K M\u018fLUMAT 1968-ci ild\u0259 G\u00f6y-g\u00f6l (Xanlar) rayonu C\u00fcm\u015f\u00fcdl\u00fc k\u0259ndind\u0259 anadan olmu\u015fdur. 1988-ci ild\u0259 Az\u0259rbaycan Texnologiya \u0130nstitutuna q\u0259bul olmu\u015f, 1993-c\u00fc ild\u0259 h\u0259min institutu f\u0259rql\u0259nm\u0259 diplomu il\u0259 bitirmi\u015fdir. Ail\u0259lidir, 2 \u00f6vlad\u0131 var. T\u018fHS\u0130L\u0130, ELM\u0130 D\u018fR\u018fC\u018fS\u0130 V\u018f ELM\u0130 ADLARI Ali t\u0259hsilli. \u00a0Ba\u015f m\u00fc\u0259llim \u018fM\u018fK F\u018fAL\u0130YY \u018fT\u0130<\/p>\n<p><a href=\"https:\/\/ftf.gdu.edu.az\/?page_id=771\" class=\"more-link themebutton\">Daha \u0259trafl\u0131 <\/a><\/p>\n","protected":false},"author":1,"featured_media":756,"parent":0,"menu_order":0,"comment_status":"closed","ping_status":"closed","template":"","meta":{"footnotes":""},"class_list":["post-771","page","type-page","status-publish","has-post-thumbnail","hentry"],"_links":{"self":[{"href":"https:\/\/ftf.gdu.edu.az\/index.php?rest_route=\/wp\/v2\/pages\/771"}],"collection":[{"href":"https:\/\/ftf.gdu.edu.az\/index.php?rest_route=\/wp\/v2\/pages"}],"about":[{"href":"https:\/\/ftf.gdu.edu.az\/index.php?rest_route=\/wp\/v2\/types\/page"}],"author":[{"embeddable":true,"href":"https:\/\/ftf.gdu.edu.az\/index.php?rest_route=\/wp\/v2\/users\/1"}],"replies":[{"embeddable":true,"href":"https:\/\/ftf.gdu.edu.az\/index.php?rest_route=%2Fwp%2Fv2%2Fcomments&post=771"}],"version-history":[{"count":1,"href":"https:\/\/ftf.gdu.edu.az\/index.php?rest_route=\/wp\/v2\/pages\/771\/revisions"}],"predecessor-version":[{"id":772,"href":"https:\/\/ftf.gdu.edu.az\/index.php?rest_route=\/wp\/v2\/pages\/771\/revisions\/772"}],"wp:featuredmedia":[{"embeddable":true,"href":"https:\/\/ftf.gdu.edu.az\/index.php?rest_route=\/wp\/v2\/media\/756"}],"wp:attachment":[{"href":"https:\/\/ftf.gdu.edu.az\/index.php?rest_route=%2Fwp%2Fv2%2Fmedia&parent=771"}],"curies":[{"name":"wp","href":"https:\/\/api.w.org\/{rel}","templated":true}]}}